{"id":106,"date":"2023-09-19T16:59:12","date_gmt":"2023-09-19T14:59:12","guid":{"rendered":"http:\/\/www.dinosolari.com\/wordpress\/?page_id=106"},"modified":"2023-09-20T16:52:24","modified_gmt":"2023-09-20T14:52:24","slug":"storia-2","status":"publish","type":"page","link":"https:\/\/www.dinosolari.com\/wordpress\/storia-2\/","title":{"rendered":"La mia storia sul web 2"},"content":{"rendered":"<div align=\"center\"><center><\/p>\n<div align=\"center\"><center><\/p>\n<table border=\"0\" width=\"100%\" cellspacing=\"5\" cellpadding=\"5\">\n<tbody>\n<tr>\n<td width=\"100%\">\n<p align=\"justify\"><span style=\"font-size: small;\">Un altro sito che \u00e8 stato molto visitato, \u00e8 stato il &#8220;Tour dell&#8217;Argentario, su Digiland, che fu il primo server italiano a offrire spazio gratuito. <a href=\"\/digiland\/\" target=\"_blank\" rel=\"noopener\"> <img decoding=\"async\" class=\"alignright\" src=\"\/images\/digiland.jpg\" align=\"right\" border=\"0\" \/><\/a>Da queste pagine\u00a0 ho ricevuto tanti messaggi\u00a0 di complimenti, tramite il modulo di ICQ online che avevo messo sulla home page, da parte di santostefanesi residenti all&#8217;estero di prima e seconda generazione, da altre persone che non conoscevano l&#8217;Argentario e con quel tour avevano imparato a conoscerlo. Con questo sito sono stato per qualche anno al primo posto su tutti i motori di ricerca, se digitavi la parola chiave &#8220;Monte Argentario&#8221;, questo era come essere primi nella hit parade ed \u00e8 stata una grande soddisfazione. La struttura delle pagine era semplice, senza tanti fronzoli, giusto con qualche menu a tendina, comunque nonostante questo, ha fatto bene il lavoro per il quale era stato creato. Fu abbuiato qualche anno fa, con la ristrutturazione di tutto il sistema di Digiland, quando si fuse con Libero; mi venne probabilmente chiesto di riscrivermi, ma non ricordo il motivo perch\u00e9 non lo feci, o \u00e8 pi\u00f9 facile che me ne sia dimenticato di farlo. Anche questo l&#8217;ho riesumato qualche giorno fa, su un dominio dei miei. <\/span><\/p>\n<\/td>\n<\/tr>\n<tr>\n<td width=\"100%\">\n<p align=\"justify\"><span style=\"font-size: small;\">Tra i tanti che ho realizzato, bypassando i vari siti di sole fotografie costruiti su Angelfire.com, su Xoom.it ecc., deg<\/span><a href=\"http:\/\/www.monteargentario.it\/\"><img loading=\"lazy\" decoding=\"async\" class=\"alignleft\" src=\"\/wordpress\/ma1.jpg\" alt=\"\" width=\"277\" height=\"204\" align=\"left\" border=\"0\" \/><\/a><span style=\"font-size: small;\">no di nota \u00e8 il &#8220;Monte Argentario punto it&#8221;, grande portale che \u00e8 tuttora il pi\u00f9 visitato della zona; sul quale puoi trovare di tutto, dalla pu<\/span><span style=\"font-size: small;\">bblicit\u00e0\u00a0 dei negozi, alla mappatura delle piante autoctone dell&#8217;Argentario; tra le tante, c&#8217;\u00e8 la pagina delle utilit\u00e0 che funziona da buon bookmark, per quei siti istituzionali o meno, che prima o poi hai la nec<\/span><span style=\"font-size: small;\">essit\u00e0 di consultare. Il forum di M.A. punto it \u00e8 il migliore tecnicamente parlando, rintracciabile in Internet, lo Snitz Platinum, soltanto che non \u00e8 molto frequentato. Viene anche offerto un mercatino gratuito, dove ognuno pu\u00f2 scambiare, vendere o comprare tutto ci\u00f2 che \u00e8 legalmente vendibile o acquistabile.\u00a0 Lo spazio fu affittato dalla Technet (ora Aruba) nel marzo\u00a0 del 2000, finalmente con il dominio, quando costava ancora caro, ma eravamo in tre a dividere le spese: Fiorenzo Bausani, Roberto Fanciulli della Big Byte Computer, il quale \u00e8 anche l&#8217;intestatario del sito e io. Costruimmo questo portale\u00a0 io e Fiorenzo che, da buon disegnatore, ha curato anche la grafica allegra e un po&#8217; naif. Per non usare fotografie di al<\/span><span style=\"font-size: small;\">tri, facemmo un tour fotografico da Indiana Jones, che risate: due silouette come noi, arrampicati per i greppi a cercare le migliori viste per fotografare i panorami,\u00a0 sicuramente se fossimo stati immortalati noi, avremmo vinto il primo premio per le pi\u00f9 belle foto comiche di quell&#8217;anno.<br \/>\nVoglio citare anche Randagio City, (non pi\u00f9 in rete) un sito nato da una chiacchierata in ICQ tra me e Fiorenzo a proposito di una vecchia fotografia e da l\u00ec \u00e8 nata l&#8217;idea per sviluppare un progetto, che insieme abbiamo realizzato:\u00a0 una raccolta di foto di quando eravamo un po&#8217; pi\u00f9 giovani, suddivisa in gallerie;\u00a0 \u00e8 un sito tecnicamente semplice, \u00e8 simpatico e forse anche un poco nostalgico, ma ha avuto successo,\u00a0 <\/span><span style=\"font-size: small;\">molta gente ha contribuito a inviarci vecchie foto per farle pubblicare.<br \/>\n<\/span><a href=\"http:\/\/www.randagiocity.com\"> <\/a><span style=\"font-size: small;\">Sono seguiti altri\u00a0 siti che non<\/span><span style=\"font-size: small;\"> s<\/span><span style=\"font-size: small;\">to a citare, fino a questi ultimi interattivi in ASP, e spero che ce ne saranno altri nuovi, magari ancora pi\u00f9 funzionali.<br \/>\nNel mio piccolo, sono st<\/span><span style=\"font-size: small;\">ato uno dei pionieri del Web, quando tutto era gratuito in rete e quando spagliavi se trovavi delle pagine in Italiano, perch\u00e9 erano talmente rare; sono orgoglioso di ci\u00f2 che ho fatto, nonostante le notti bianche davanti al computer e\u00a0 la bolletta del telefono, che era l&#8217;unica cosa non gratuita e tanto meno gradita,\u00a0 visto che era piuttosto salata! Erano altri tempi, non so se migliori, ma sicuramente belli.<br \/>\nOra dopo questa lunga chiacchierata, se vuoi visitare il vecchio sito, realizzato con le tecniche di allora, per magari dare un&#8217;occhiata agli esperimenti che in quel periodo facevo in javascript o le foto con applet, clicca sul link &#8220;Vecchio sito in HTML&#8221; nel menu a sinistra e se vuoi &#8211; a tuo rischio e pericolo&#8230;.\u00a0 -Per visitare gli altri siti, clicca sulle foto di queste pagine. <\/span><\/p>\n<\/td>\n<\/tr>\n<\/tbody>\n<\/table>\n<p><\/center><\/div>\n<p><span style=\"font-size: small;\">Buona Navigazione! <\/span><\/p>\n<p><\/center><\/div>\n","protected":false},"excerpt":{"rendered":"<p>Un altro sito che \u00e8 stato molto visitato, \u00e8 stato il &#8220;Tour dell&#8217;Argentario, su Digiland, che fu il primo server italiano a offrire spazio gratuito. Da queste pagine\u00a0 ho ricevuto tanti messaggi\u00a0 di complimenti, tramite il modulo di ICQ online&hellip; <\/p>\n","protected":false},"author":1,"featured_media":0,"parent":0,"menu_order":0,"comment_status":"closed","ping_status":"closed","template":"","meta":{"footnotes":""},"class_list":["post-106","page","type-page","status-publish","hentry"],"_links":{"self":[{"href":"https:\/\/www.dinosolari.com\/wordpress\/wp-json\/wp\/v2\/pages\/106","targetHints":{"allow":["GET"]}}],"collection":[{"href":"https:\/\/www.dinosolari.com\/wordpress\/wp-json\/wp\/v2\/pages"}],"about":[{"href":"https:\/\/www.dinosolari.com\/wordpress\/wp-json\/wp\/v2\/types\/page"}],"author":[{"embeddable":true,"href":"https:\/\/www.dinosolari.com\/wordpress\/wp-json\/wp\/v2\/users\/1"}],"replies":[{"embeddable":true,"href":"https:\/\/www.dinosolari.com\/wordpress\/wp-json\/wp\/v2\/comments?post=106"}],"version-history":[{"count":9,"href":"https:\/\/www.dinosolari.com\/wordpress\/wp-json\/wp\/v2\/pages\/106\/revisions"}],"predecessor-version":[{"id":169,"href":"https:\/\/www.dinosolari.com\/wordpress\/wp-json\/wp\/v2\/pages\/106\/revisions\/169"}],"wp:attachment":[{"href":"https:\/\/www.dinosolari.com\/wordpress\/wp-json\/wp\/v2\/media?parent=106"}],"curies":[{"name":"wp","href":"https:\/\/api.w.org\/{rel}","templated":true}]}}